{"id":1860,"date":"2021-05-16T20:14:44","date_gmt":"2021-05-16T20:14:44","guid":{"rendered":"http:\/\/viarnet.org\/index.php\/newsletter\/"},"modified":"2021-05-18T18:11:10","modified_gmt":"2021-05-18T18:11:10","slug":"newsletter","status":"publish","type":"page","link":"https:\/\/viarnet.org\/index.php\/newsletter\/","title":{"rendered":"Newsletter"},"content":{"rendered":"<div id=\"pl-gb1860-69e744ee43e7d\"  class=\"panel-layout\" ><div id=\"pg-gb1860-69e744ee43e7d-0\"  class=\"panel-grid panel-no-style\" ><div id=\"pgc-gb1860-69e744ee43e7d-0-0\"  class=\"panel-grid-cell\" ><div id=\"panel-gb1860-69e744ee43e7d-0-0-0\" class=\"so-panel widget widget_text panel-first-child panel-last-child\" data-index=\"0\" >\t\t\t<div class=\"textwidget\"><p>Si quieres recibir peri\u00f3dicamente en tu correo electr\u00f3nico las noticias publicadas en la web, no tienes m\u00e1s que suscribirte a nuestra newsletter.<\/p>\n<\/div>\n\t\t<\/div><\/div><\/div><\/div>\n\n<div class=\"tnp tnp-subscription \">\n<form method=\"post\" action=\"https:\/\/viarnet.org\/wp-admin\/admin-ajax.php?action=tnp&amp;na=s\">\n<input type=\"hidden\" name=\"nlang\" value=\"\">\n<div class=\"tnp-field tnp-field-firstname\"><label for=\"tnp-1\">Nombre o nombre completo<\/label>\n<input class=\"tnp-name\" type=\"text\" name=\"nn\" id=\"tnp-1\" value=\"\" placeholder=\"\"><\/div>\n<div class=\"tnp-field tnp-field-email\"><label for=\"tnp-2\">Email<\/label>\n<input class=\"tnp-email\" type=\"email\" name=\"ne\" id=\"tnp-2\" value=\"\" placeholder=\"\" required><\/div>\n<div class=\"tnp-field tnp-field-button\" style=\"text-align: left\"><input class=\"tnp-submit\" type=\"submit\" value=\"Suscribirse\" style=\"\">\n<\/div>\n<\/form>\n<\/div>\n","protected":false},"excerpt":{"rendered":"<p>Si quieres recibir peri\u00f3dicamente en tu correo electr\u00f3nico las noticias publicadas en la web, no tienes m\u00e1s que suscribirte a nuestra newsletter.<\/p>\n","protected":false},"author":1,"featured_media":0,"parent":0,"menu_order":90,"comment_status":"closed","ping_status":"closed","template":"","meta":{"ngg_post_thumbnail":0,"footnotes":""},"class_list":["post-1860","page","type-page","status-publish","hentry","post"],"yoast_head":"<!-- This site is optimized with the Yoast SEO plugin v27.3 - https:\/\/yoast.com\/product\/yoast-seo-wordpress\/ -->\n<title>Newsletter | Club Familiar VIAR<\/title>\n<meta name=\"description\" content=\"Si quieres recibir peri\u00f3dicamente en tu correo electr\u00f3nico las noticias publicadas en la web, no tienes m\u00e1s que suscribirte a nuestra newsletter.\" \/>\n<meta name=\"robots\" content=\"index, follow, max-snippet:-1, max-image-preview:large, max-video-preview:-1\" \/>\n<link rel=\"canonical\" href=\"https:\/\/viarnet.org\/index.php\/newsletter\/\" \/>\n<meta property=\"og:locale\" content=\"es_ES\" \/>\n<meta property=\"og:type\" content=\"article\" \/>\n<meta property=\"og:title\" content=\"Newsletter | Club Familiar VIAR\" \/>\n<meta property=\"og:description\" content=\"Si quieres recibir peri\u00f3dicamente en tu correo electr\u00f3nico las noticias publicadas en la web, no tienes m\u00e1s que suscribirte a nuestra newsletter.\" \/>\n<meta property=\"og:url\" content=\"https:\/\/viarnet.org\/index.php\/newsletter\/\" \/>\n<meta property=\"og:site_name\" content=\"VIAR\" \/>\n<meta property=\"article:modified_time\" content=\"2021-05-18T18:11:10+00:00\" \/>\n<meta name=\"twitter:card\" content=\"summary_large_image\" \/>\n<meta name=\"twitter:label1\" content=\"Tiempo de lectura\" \/>\n\t<meta name=\"twitter:data1\" content=\"1 minuto\" \/>\n<script type=\"application\/ld+json\" class=\"yoast-schema-graph\">{\"@context\":\"https:\\\/\\\/schema.org\",\"@graph\":[{\"@type\":\"WebPage\",\"@id\":\"https:\\\/\\\/viarnet.org\\\/index.php\\\/newsletter\\\/\",\"url\":\"https:\\\/\\\/viarnet.org\\\/index.php\\\/newsletter\\\/\",\"name\":\"Newsletter | Club Familiar VIAR\",\"isPartOf\":{\"@id\":\"https:\\\/\\\/viarnet.org\\\/#website\"},\"datePublished\":\"2021-05-16T20:14:44+00:00\",\"dateModified\":\"2021-05-18T18:11:10+00:00\",\"description\":\"Si quieres recibir peri\u00f3dicamente en tu correo electr\u00f3nico las noticias publicadas en la web, no tienes m\u00e1s que suscribirte a nuestra newsletter.\",\"breadcrumb\":{\"@id\":\"https:\\\/\\\/viarnet.org\\\/index.php\\\/newsletter\\\/#breadcrumb\"},\"inLanguage\":\"es\",\"potentialAction\":[{\"@type\":\"ReadAction\",\"target\":[\"https:\\\/\\\/viarnet.org\\\/index.php\\\/newsletter\\\/\"]}]},{\"@type\":\"BreadcrumbList\",\"@id\":\"https:\\\/\\\/viarnet.org\\\/index.php\\\/newsletter\\\/#breadcrumb\",\"itemListElement\":[{\"@type\":\"ListItem\",\"position\":1,\"name\":\"Portada\",\"item\":\"https:\\\/\\\/viarnet.org\\\/\"},{\"@type\":\"ListItem\",\"position\":2,\"name\":\"Newsletter\"}]},{\"@type\":\"WebSite\",\"@id\":\"https:\\\/\\\/viarnet.org\\\/#website\",\"url\":\"https:\\\/\\\/viarnet.org\\\/\",\"name\":\"VIAR\",\"description\":\"Un centro educativo de car\u00e1cter extraescolar que atuda a las familias en la formaci\u00f3n de sus hijos\",\"publisher\":{\"@id\":\"https:\\\/\\\/viarnet.org\\\/#organization\"},\"potentialAction\":[{\"@type\":\"SearchAction\",\"target\":{\"@type\":\"EntryPoint\",\"urlTemplate\":\"https:\\\/\\\/viarnet.org\\\/?s={search_term_string}\"},\"query-input\":{\"@type\":\"PropertyValueSpecification\",\"valueRequired\":true,\"valueName\":\"search_term_string\"}}],\"inLanguage\":\"es\"},{\"@type\":\"Organization\",\"@id\":\"https:\\\/\\\/viarnet.org\\\/#organization\",\"name\":\"VIAR\",\"url\":\"https:\\\/\\\/viarnet.org\\\/\",\"logo\":{\"@type\":\"ImageObject\",\"inLanguage\":\"es\",\"@id\":\"https:\\\/\\\/viarnet.org\\\/#\\\/schema\\\/logo\\\/image\\\/\",\"url\":\"https:\\\/\\\/viarnet.org\\\/wp-content\\\/uploads\\\/2023\\\/09\\\/LOGO-VIAR-2024.png\",\"contentUrl\":\"https:\\\/\\\/viarnet.org\\\/wp-content\\\/uploads\\\/2023\\\/09\\\/LOGO-VIAR-2024.png\",\"width\":1976,\"height\":1976,\"caption\":\"VIAR\"},\"image\":{\"@id\":\"https:\\\/\\\/viarnet.org\\\/#\\\/schema\\\/logo\\\/image\\\/\"}}]}<\/script>\n<!-- \/ Yoast SEO plugin. -->","yoast_head_json":{"title":"Newsletter | Club Familiar VIAR","description":"Si quieres recibir peri\u00f3dicamente en tu correo electr\u00f3nico las noticias publicadas en la web, no tienes m\u00e1s que suscribirte a nuestra newsletter.","robots":{"index":"index","follow":"follow","max-snippet":"max-snippet:-1","max-image-preview":"max-image-preview:large","max-video-preview":"max-video-preview:-1"},"canonical":"https:\/\/viarnet.org\/index.php\/newsletter\/","og_locale":"es_ES","og_type":"article","og_title":"Newsletter | Club Familiar VIAR","og_description":"Si quieres recibir peri\u00f3dicamente en tu correo electr\u00f3nico las noticias publicadas en la web, no tienes m\u00e1s que suscribirte a nuestra newsletter.","og_url":"https:\/\/viarnet.org\/index.php\/newsletter\/","og_site_name":"VIAR","article_modified_time":"2021-05-18T18:11:10+00:00","twitter_card":"summary_large_image","twitter_misc":{"Tiempo de lectura":"1 minuto"},"schema":{"@context":"https:\/\/schema.org","@graph":[{"@type":"WebPage","@id":"https:\/\/viarnet.org\/index.php\/newsletter\/","url":"https:\/\/viarnet.org\/index.php\/newsletter\/","name":"Newsletter | Club Familiar VIAR","isPartOf":{"@id":"https:\/\/viarnet.org\/#website"},"datePublished":"2021-05-16T20:14:44+00:00","dateModified":"2021-05-18T18:11:10+00:00","description":"Si quieres recibir peri\u00f3dicamente en tu correo electr\u00f3nico las noticias publicadas en la web, no tienes m\u00e1s que suscribirte a nuestra newsletter.","breadcrumb":{"@id":"https:\/\/viarnet.org\/index.php\/newsletter\/#breadcrumb"},"inLanguage":"es","potentialAction":[{"@type":"ReadAction","target":["https:\/\/viarnet.org\/index.php\/newsletter\/"]}]},{"@type":"BreadcrumbList","@id":"https:\/\/viarnet.org\/index.php\/newsletter\/#breadcrumb","itemListElement":[{"@type":"ListItem","position":1,"name":"Portada","item":"https:\/\/viarnet.org\/"},{"@type":"ListItem","position":2,"name":"Newsletter"}]},{"@type":"WebSite","@id":"https:\/\/viarnet.org\/#website","url":"https:\/\/viarnet.org\/","name":"VIAR","description":"Un centro educativo de car\u00e1cter extraescolar que atuda a las familias en la formaci\u00f3n de sus hijos","publisher":{"@id":"https:\/\/viarnet.org\/#organization"},"potentialAction":[{"@type":"SearchAction","target":{"@type":"EntryPoint","urlTemplate":"https:\/\/viarnet.org\/?s={search_term_string}"},"query-input":{"@type":"PropertyValueSpecification","valueRequired":true,"valueName":"search_term_string"}}],"inLanguage":"es"},{"@type":"Organization","@id":"https:\/\/viarnet.org\/#organization","name":"VIAR","url":"https:\/\/viarnet.org\/","logo":{"@type":"ImageObject","inLanguage":"es","@id":"https:\/\/viarnet.org\/#\/schema\/logo\/image\/","url":"https:\/\/viarnet.org\/wp-content\/uploads\/2023\/09\/LOGO-VIAR-2024.png","contentUrl":"https:\/\/viarnet.org\/wp-content\/uploads\/2023\/09\/LOGO-VIAR-2024.png","width":1976,"height":1976,"caption":"VIAR"},"image":{"@id":"https:\/\/viarnet.org\/#\/schema\/logo\/image\/"}}]}},"_links":{"self":[{"href":"https:\/\/viarnet.org\/index.php\/wp-json\/wp\/v2\/pages\/1860","targetHints":{"allow":["GET"]}}],"collection":[{"href":"https:\/\/viarnet.org\/index.php\/wp-json\/wp\/v2\/pages"}],"about":[{"href":"https:\/\/viarnet.org\/index.php\/wp-json\/wp\/v2\/types\/page"}],"author":[{"embeddable":true,"href":"https:\/\/viarnet.org\/index.php\/wp-json\/wp\/v2\/users\/1"}],"replies":[{"embeddable":true,"href":"https:\/\/viarnet.org\/index.php\/wp-json\/wp\/v2\/comments?post=1860"}],"version-history":[{"count":0,"href":"https:\/\/viarnet.org\/index.php\/wp-json\/wp\/v2\/pages\/1860\/revisions"}],"wp:attachment":[{"href":"https:\/\/viarnet.org\/index.php\/wp-json\/wp\/v2\/media?parent=1860"}],"curies":[{"name":"wp","href":"https:\/\/api.w.org\/{rel}","templated":true}]}}