{"id":116,"date":"2018-11-06T21:12:04","date_gmt":"2018-11-06T21:12:04","guid":{"rendered":"http:\/\/viarnet.org\/?page_id=116"},"modified":"2021-06-03T13:17:17","modified_gmt":"2021-06-03T11:17:17","slug":"politica-de-cookies","status":"publish","type":"page","link":"https:\/\/viarnet.org\/index.php\/politica-de-cookies\/","title":{"rendered":"Pol\u00edtica de cookies"},"content":{"rendered":"<header class=\"entry-header\">\n<p class=\"entry-title\"><span style=\"font-size: inherit;\">En el fichero responsabilidad de Viar se integrar\u00e1 la informaci\u00f3n que en su caso se obtenga a trav\u00e9s de las cookies como de los logs. Las cookies son un mensaje enviado por el servidor al ordenador del usuario consistente en ficheros de texto que se almacenan en la memoria del ordenador y que recogen informaci\u00f3n relativa a la p\u00e1gina que se visitan, el tiempo de conexi\u00f3n a Internet, etc. Las cookies vuelven a ser enviadas al servidor cada vez que el usuario entra en esa p\u00e1gina.<\/span><\/p>\n<\/header>\n<p>La finalidad de las cookies de Viar es personalizar los servicios que le ofrecemos, facilit\u00e1ndole informaci\u00f3n que pueda ser de su inter\u00e9s. Si no desea que se instale en su disco duro una cookie puede configurar el navegador de su ordenador para no recibirlas. Sin embargo, le hacemos notar que, en todo caso, la calidad del funcionamiento de la web puede disminuir y que deba registrarse cada vez que desee acceder a un servicio de las Web.<\/p>\n<p>Las cookies no pueden leer datos de su disco duro ni leer los archivos cookie creados por otros proveedores. Los logs son unos archivos almacenados en el servidor de Viar que registran informaci\u00f3n sobre su navegaci\u00f3n y que tienen por finalidad analizar el funcionamiento del sistema, localizar las incidencias y problemas que puedan surgir y solventarlos en el menor plazo posible, seguirle ofreciendo los servicios que solicita, conocer mejor sus preferencias y ofrecerle otros servicios que puedan adecuarse a sus gustos.<\/p>\n<p>Para integrar sus datos y los obtenidos a trav\u00e9s de cookies y logs en el fichero de Viar se necesita su consentimiento, que podr\u00e1 prestar mediante la aceptaci\u00f3n de esta pol\u00edtica de privacidad, eligiendo la opci\u00f3n HE LE\u00cdDO Y ACEPTO EXPRESAMENTE LA POL\u00cdTICA DE PRIVACIDAD que se presenta antes de cada formulario de solicitud de datos.<\/p>\n","protected":false},"excerpt":{"rendered":"<p>En el fichero responsabilidad de Viar se integrar\u00e1 la informaci\u00f3n que en su caso se obtenga a trav\u00e9s de las cookies como de los logs. Las cookies son un mensaje [&hellip;]<\/p>\n","protected":false},"author":1,"featured_media":0,"parent":0,"menu_order":92,"comment_status":"closed","ping_status":"closed","template":"","meta":{"ngg_post_thumbnail":0,"footnotes":""},"class_list":["post-116","page","type-page","status-publish","hentry","post"],"yoast_head":"<!-- This site is optimized with the Yoast SEO plugin v27.3 - https:\/\/yoast.com\/product\/yoast-seo-wordpress\/ -->\n<title>Pol\u00edtica de cookies | Club Familiar VIAR<\/title>\n<meta name=\"description\" content=\"En el fichero responsabilidad de Viar se integrar\u00e1 la informaci\u00f3n que en su caso se obtenga a trav\u00e9s de las cookies como de los logs. Las cookies son un\" \/>\n<meta name=\"robots\" content=\"index, follow, max-snippet:-1, max-image-preview:large, max-video-preview:-1\" \/>\n<link rel=\"canonical\" href=\"https:\/\/viarnet.org\/index.php\/politica-de-cookies\/\" \/>\n<meta property=\"og:locale\" content=\"es_ES\" \/>\n<meta property=\"og:type\" content=\"article\" \/>\n<meta property=\"og:title\" content=\"Pol\u00edtica de cookies | Club Familiar VIAR\" \/>\n<meta property=\"og:description\" content=\"En el fichero responsabilidad de Viar se integrar\u00e1 la informaci\u00f3n que en su caso se obtenga a trav\u00e9s de las cookies como de los logs. Las cookies son un\" \/>\n<meta property=\"og:url\" content=\"https:\/\/viarnet.org\/index.php\/politica-de-cookies\/\" \/>\n<meta property=\"og:site_name\" content=\"VIAR\" \/>\n<meta property=\"article:modified_time\" content=\"2021-06-03T11:17:17+00:00\" \/>\n<meta name=\"twitter:card\" content=\"summary_large_image\" \/>\n<meta name=\"twitter:label1\" content=\"Tiempo de lectura\" \/>\n\t<meta name=\"twitter:data1\" content=\"2 minutos\" \/>\n<script type=\"application\/ld+json\" class=\"yoast-schema-graph\">{\"@context\":\"https:\\\/\\\/schema.org\",\"@graph\":[{\"@type\":\"WebPage\",\"@id\":\"https:\\\/\\\/viarnet.org\\\/index.php\\\/politica-de-cookies\\\/\",\"url\":\"https:\\\/\\\/viarnet.org\\\/index.php\\\/politica-de-cookies\\\/\",\"name\":\"Pol\u00edtica de cookies | Club Familiar VIAR\",\"isPartOf\":{\"@id\":\"https:\\\/\\\/viarnet.org\\\/#website\"},\"datePublished\":\"2018-11-06T21:12:04+00:00\",\"dateModified\":\"2021-06-03T11:17:17+00:00\",\"description\":\"En el fichero responsabilidad de Viar se integrar\u00e1 la informaci\u00f3n que en su caso se obtenga a trav\u00e9s de las cookies como de los logs. Las cookies son un\",\"breadcrumb\":{\"@id\":\"https:\\\/\\\/viarnet.org\\\/index.php\\\/politica-de-cookies\\\/#breadcrumb\"},\"inLanguage\":\"es\",\"potentialAction\":[{\"@type\":\"ReadAction\",\"target\":[\"https:\\\/\\\/viarnet.org\\\/index.php\\\/politica-de-cookies\\\/\"]}]},{\"@type\":\"BreadcrumbList\",\"@id\":\"https:\\\/\\\/viarnet.org\\\/index.php\\\/politica-de-cookies\\\/#breadcrumb\",\"itemListElement\":[{\"@type\":\"ListItem\",\"position\":1,\"name\":\"Portada\",\"item\":\"https:\\\/\\\/viarnet.org\\\/\"},{\"@type\":\"ListItem\",\"position\":2,\"name\":\"Pol\u00edtica de cookies\"}]},{\"@type\":\"WebSite\",\"@id\":\"https:\\\/\\\/viarnet.org\\\/#website\",\"url\":\"https:\\\/\\\/viarnet.org\\\/\",\"name\":\"VIAR\",\"description\":\"Un centro educativo de car\u00e1cter extraescolar que atuda a las familias en la formaci\u00f3n de sus hijos\",\"publisher\":{\"@id\":\"https:\\\/\\\/viarnet.org\\\/#organization\"},\"potentialAction\":[{\"@type\":\"SearchAction\",\"target\":{\"@type\":\"EntryPoint\",\"urlTemplate\":\"https:\\\/\\\/viarnet.org\\\/?s={search_term_string}\"},\"query-input\":{\"@type\":\"PropertyValueSpecification\",\"valueRequired\":true,\"valueName\":\"search_term_string\"}}],\"inLanguage\":\"es\"},{\"@type\":\"Organization\",\"@id\":\"https:\\\/\\\/viarnet.org\\\/#organization\",\"name\":\"VIAR\",\"url\":\"https:\\\/\\\/viarnet.org\\\/\",\"logo\":{\"@type\":\"ImageObject\",\"inLanguage\":\"es\",\"@id\":\"https:\\\/\\\/viarnet.org\\\/#\\\/schema\\\/logo\\\/image\\\/\",\"url\":\"https:\\\/\\\/viarnet.org\\\/wp-content\\\/uploads\\\/2023\\\/09\\\/LOGO-VIAR-2024.png\",\"contentUrl\":\"https:\\\/\\\/viarnet.org\\\/wp-content\\\/uploads\\\/2023\\\/09\\\/LOGO-VIAR-2024.png\",\"width\":1976,\"height\":1976,\"caption\":\"VIAR\"},\"image\":{\"@id\":\"https:\\\/\\\/viarnet.org\\\/#\\\/schema\\\/logo\\\/image\\\/\"}}]}<\/script>\n<!-- \/ Yoast SEO plugin. -->","yoast_head_json":{"title":"Pol\u00edtica de cookies | Club Familiar VIAR","description":"En el fichero responsabilidad de Viar se integrar\u00e1 la informaci\u00f3n que en su caso se obtenga a trav\u00e9s de las cookies como de los logs. Las cookies son un","robots":{"index":"index","follow":"follow","max-snippet":"max-snippet:-1","max-image-preview":"max-image-preview:large","max-video-preview":"max-video-preview:-1"},"canonical":"https:\/\/viarnet.org\/index.php\/politica-de-cookies\/","og_locale":"es_ES","og_type":"article","og_title":"Pol\u00edtica de cookies | Club Familiar VIAR","og_description":"En el fichero responsabilidad de Viar se integrar\u00e1 la informaci\u00f3n que en su caso se obtenga a trav\u00e9s de las cookies como de los logs. Las cookies son un","og_url":"https:\/\/viarnet.org\/index.php\/politica-de-cookies\/","og_site_name":"VIAR","article_modified_time":"2021-06-03T11:17:17+00:00","twitter_card":"summary_large_image","twitter_misc":{"Tiempo de lectura":"2 minutos"},"schema":{"@context":"https:\/\/schema.org","@graph":[{"@type":"WebPage","@id":"https:\/\/viarnet.org\/index.php\/politica-de-cookies\/","url":"https:\/\/viarnet.org\/index.php\/politica-de-cookies\/","name":"Pol\u00edtica de cookies | Club Familiar VIAR","isPartOf":{"@id":"https:\/\/viarnet.org\/#website"},"datePublished":"2018-11-06T21:12:04+00:00","dateModified":"2021-06-03T11:17:17+00:00","description":"En el fichero responsabilidad de Viar se integrar\u00e1 la informaci\u00f3n que en su caso se obtenga a trav\u00e9s de las cookies como de los logs. Las cookies son un","breadcrumb":{"@id":"https:\/\/viarnet.org\/index.php\/politica-de-cookies\/#breadcrumb"},"inLanguage":"es","potentialAction":[{"@type":"ReadAction","target":["https:\/\/viarnet.org\/index.php\/politica-de-cookies\/"]}]},{"@type":"BreadcrumbList","@id":"https:\/\/viarnet.org\/index.php\/politica-de-cookies\/#breadcrumb","itemListElement":[{"@type":"ListItem","position":1,"name":"Portada","item":"https:\/\/viarnet.org\/"},{"@type":"ListItem","position":2,"name":"Pol\u00edtica de cookies"}]},{"@type":"WebSite","@id":"https:\/\/viarnet.org\/#website","url":"https:\/\/viarnet.org\/","name":"VIAR","description":"Un centro educativo de car\u00e1cter extraescolar que atuda a las familias en la formaci\u00f3n de sus hijos","publisher":{"@id":"https:\/\/viarnet.org\/#organization"},"potentialAction":[{"@type":"SearchAction","target":{"@type":"EntryPoint","urlTemplate":"https:\/\/viarnet.org\/?s={search_term_string}"},"query-input":{"@type":"PropertyValueSpecification","valueRequired":true,"valueName":"search_term_string"}}],"inLanguage":"es"},{"@type":"Organization","@id":"https:\/\/viarnet.org\/#organization","name":"VIAR","url":"https:\/\/viarnet.org\/","logo":{"@type":"ImageObject","inLanguage":"es","@id":"https:\/\/viarnet.org\/#\/schema\/logo\/image\/","url":"https:\/\/viarnet.org\/wp-content\/uploads\/2023\/09\/LOGO-VIAR-2024.png","contentUrl":"https:\/\/viarnet.org\/wp-content\/uploads\/2023\/09\/LOGO-VIAR-2024.png","width":1976,"height":1976,"caption":"VIAR"},"image":{"@id":"https:\/\/viarnet.org\/#\/schema\/logo\/image\/"}}]}},"_links":{"self":[{"href":"https:\/\/viarnet.org\/index.php\/wp-json\/wp\/v2\/pages\/116","targetHints":{"allow":["GET"]}}],"collection":[{"href":"https:\/\/viarnet.org\/index.php\/wp-json\/wp\/v2\/pages"}],"about":[{"href":"https:\/\/viarnet.org\/index.php\/wp-json\/wp\/v2\/types\/page"}],"author":[{"embeddable":true,"href":"https:\/\/viarnet.org\/index.php\/wp-json\/wp\/v2\/users\/1"}],"replies":[{"embeddable":true,"href":"https:\/\/viarnet.org\/index.php\/wp-json\/wp\/v2\/comments?post=116"}],"version-history":[{"count":0,"href":"https:\/\/viarnet.org\/index.php\/wp-json\/wp\/v2\/pages\/116\/revisions"}],"wp:attachment":[{"href":"https:\/\/viarnet.org\/index.php\/wp-json\/wp\/v2\/media?parent=116"}],"curies":[{"name":"wp","href":"https:\/\/api.w.org\/{rel}","templated":true}]}}