{"id":10,"date":"2018-11-04T21:24:07","date_gmt":"2018-11-04T21:24:07","guid":{"rendered":"http:\/\/viarnet.org\/?page_id=10"},"modified":"2024-08-12T17:13:10","modified_gmt":"2024-08-12T15:13:10","slug":"que-es-el-club-juvenil-viar","status":"publish","type":"page","link":"https:\/\/viarnet.org\/index.php\/que-es-el-club-juvenil-viar\/","title":{"rendered":"\u00bfQu\u00e9 es el Club Juvenil VIAR?"},"content":{"rendered":"<div id=\"pl-10\"  class=\"panel-layout\" ><div id=\"pg-10-0\"  class=\"panel-grid panel-has-style\" ><div class=\"siteorigin-panels-stretch panel-row-style panel-row-style-for-10-0\" data-stretch-type=\"full-width-stretch\" ><div id=\"pgc-10-0-0\"  class=\"panel-grid-cell\" ><div class=\"panel-cell-style panel-cell-style-for-10-0-0\" ><div id=\"panel-10-0-0-1\" class=\"so-panel widget widget_headline-widget\" data-index=\"1\" >\t\t<h1>\u00bfQu\u00e9 es el Club Juvenil VIAR?<\/h1>\n\t\t<div class=\"decoration\"><div class=\"decoration-inside\"><\/div><\/div>\n\t\t<h3><\/h3>\n\t\t<\/div><div id=\"panel-10-0-0-2\" class=\"so-panel widget widget_sow-editor panel-last-child\" data-index=\"2\" ><div\n\t\t\t\n\t\t\tclass=\"so-widget-sow-editor so-widget-sow-editor-base\"\n\t\t\t\n\t\t>\n<div class=\"siteorigin-widget-tinymce textwidget\">\n\t<p>El Club Juvenil Viar est\u00e1 promovido por padres de familia ilusionados por sacar el m\u00e1ximo rendimiento al tiempo libre de sus hijos.<\/p>\n<p>El ocio es uno de los principales y m\u00e1s atractivos \u00e1mbitos de formaci\u00f3n de la persona. A trav\u00e9s del aprovechamiento del tiempo libre se puede ense\u00f1ar a los j\u00f3venes valores como la amistad, el respeto, la deportividad, la generosidad, etc.<\/p>\n<p>Las actividades del Club Juvenil Viar tratan de ofrecer a las familias opciones que combinen la capacidad de pasarlo bien con una esmerada formaci\u00f3n humana basada en principios cristianos.<\/p>\n<p>El estudio y la ilusi\u00f3n profesional son tambi\u00e9n parte muy importante del proyecto educativo del Club Juvenil Viar. Adem\u00e1s de las actividades de ocio y tiempo libre, hay oportunidad de ir a estudiar todos los d\u00edas en las salas de estudio con las que cuenta la sede del Club Juvenil. All\u00ed hay profesores especialmente preparados para ayudar a los alumnos en el modo de estudiar, etc.<\/p>\n<\/div>\n<\/div><\/div><\/div><\/div><\/div><\/div><div id=\"pg-10-1\"  class=\"panel-grid panel-has-style\" ><div class=\"panel-row-style panel-row-style-for-10-1\" ><div id=\"pgc-10-1-0\"  class=\"panel-grid-cell\" ><div id=\"panel-10-1-0-0\" class=\"so-panel widget widget_sow-accordion panel-first-child panel-last-child\" data-index=\"3\" ><div\n\t\t\t\n\t\t\tclass=\"so-widget-sow-accordion so-widget-sow-accordion-default-b8379082f89d-10\"\n\t\t\t\n\t\t><div>\n\t<div class=\"sow-accordion\">\n\t\t\t<div class=\"sow-accordion-panel\n\t\t\t\t\t\"\n\t\t\t\tdata-anchor-id=\"el-reto-educar\">\n\t\t\t\t\t<div class=\"sow-accordion-panel-header-container\" role=\"heading\" aria-level=\"2\">\n\t\t\t\t\t<div class=\"sow-accordion-panel-header\" tabindex=\"0\" role=\"button\" id=\"accordion-label-el-reto-educar\" aria-controls=\"accordion-content-el-reto-educar\" aria-expanded=\"false\">\n\t\t\t\t\t\t<div class=\"sow-accordion-title sow-accordion-title-icon-left\">\n\t\t\t\t\t\t\t\t\t\t\t\t\t\tEL RETO: EDUCAR\t\t\t\t\t\t\t\t\t\t\t\t\t<\/div>\n\t\t\t\t\t\t<div class=\"sow-accordion-open-close-button\">\n\t\t\t\t\t\t\t<div class=\"sow-accordion-open-button\">\n\t\t\t\t\t\t\t\t<span class=\"sow-icon-ionicons\" data-sow-icon=\"&#xf218;\"\n\t\t \n\t\taria-hidden=\"true\"><\/span>\t\t\t\t\t\t\t<\/div>\n\t\t\t\t\t\t\t<div class=\"sow-accordion-close-button\">\n\t\t\t\t\t\t\t\t<span class=\"sow-icon-ionicons\" data-sow-icon=\"&#xf209;\"\n\t\t \n\t\taria-hidden=\"true\"><\/span>\t\t\t\t\t\t\t<\/div>\n\t\t\t\t\t\t<\/div>\n\t\t\t\t\t<\/div>\n\t\t\t\t<\/div>\n\n\t\t\t<div\n\t\t\t\tclass=\"sow-accordion-panel-content\"\n\t\t\t\trole=\"region\"\n\t\t\t\taria-labelledby=\"accordion-label-el-reto-educar\"\n\t\t\t\tid=\"accordion-content-el-reto-educar\"\n\t\t\t\tstyle=\"display: none;\"\t\t\t>\n\t\t\t\t<div class=\"sow-accordion-panel-border\">\n\t\t\t\t\t<p>Educar a los hijos es, quiz\u00e1, la tares m\u00e1s importante de la vida. Y la educaci\u00f3n de cada chico se desarrolla fundamentalmente en la familia, pero tambi\u00e9n influyen otros escenarios: el colegio, escuela o instituto, y el tiempo libre.<\/p>\n<p>La escuela juega un papel decisivo en la educaci\u00f3n. Los padres se esfuerzan por escoger un buen colegio -asumiendo muchas veces importantes sacrificios- y por participar en la educaci\u00f3n que all\u00ed se imparte hablando con los tutores y preceptores, acudiendo a las reuniones que se convocan y de otras muchas maneras.<\/p>\n<p>Pero, \u00bfy el tiempo libre? La experiencia demuestra que un ambiente familiar favorable y una buena escuela no son suficientes. El tiempo libre -la televisi\u00f3n, las diversiones, los amigos- tiene una notable trascendencia educativa. Por eso, hay que contar con \u00e9l a la hora de abordar un proyecto educativo familiar: este es el origen de los Clubes Juveniles, que ofrecen a los padres una ayuda para que sus hijos se diviertan a la vez que aprenden, hacen amigos y se forman como personas.<\/p>\n\t\t\t\t<\/div>\n\t\t\t<\/div>\n\t\t<\/div>\n\t\t\t<div class=\"sow-accordion-panel\n\t\t\t\t\t\"\n\t\t\t\tdata-anchor-id=\"un-club-juvenil\">\n\t\t\t\t\t<div class=\"sow-accordion-panel-header-container\" role=\"heading\" aria-level=\"2\">\n\t\t\t\t\t<div class=\"sow-accordion-panel-header\" tabindex=\"0\" role=\"button\" id=\"accordion-label-un-club-juvenil\" aria-controls=\"accordion-content-un-club-juvenil\" aria-expanded=\"false\">\n\t\t\t\t\t\t<div class=\"sow-accordion-title sow-accordion-title-icon-left\">\n\t\t\t\t\t\t\t\t\t\t\t\t\t\tUN CLUB JUVENIL\t\t\t\t\t\t\t\t\t\t\t\t\t<\/div>\n\t\t\t\t\t\t<div class=\"sow-accordion-open-close-button\">\n\t\t\t\t\t\t\t<div class=\"sow-accordion-open-button\">\n\t\t\t\t\t\t\t\t<span class=\"sow-icon-ionicons\" data-sow-icon=\"&#xf218;\"\n\t\t \n\t\taria-hidden=\"true\"><\/span>\t\t\t\t\t\t\t<\/div>\n\t\t\t\t\t\t\t<div class=\"sow-accordion-close-button\">\n\t\t\t\t\t\t\t\t<span class=\"sow-icon-ionicons\" data-sow-icon=\"&#xf209;\"\n\t\t \n\t\taria-hidden=\"true\"><\/span>\t\t\t\t\t\t\t<\/div>\n\t\t\t\t\t\t<\/div>\n\t\t\t\t\t<\/div>\n\t\t\t\t<\/div>\n\n\t\t\t<div\n\t\t\t\tclass=\"sow-accordion-panel-content\"\n\t\t\t\trole=\"region\"\n\t\t\t\taria-labelledby=\"accordion-label-un-club-juvenil\"\n\t\t\t\tid=\"accordion-content-un-club-juvenil\"\n\t\t\t\tstyle=\"display: none;\"\t\t\t>\n\t\t\t\t<div class=\"sow-accordion-panel-border\">\n\t\t\t\t\t<p>El Club es la respuesta a la preocupaci\u00f3n de los padres por la educaci\u00f3n de sus hijos. Es un centro educativo de actividades extraescolares y de tiempo libre, complementario a la familia y al colegio, que desarrolla su funci\u00f3n despu\u00e9s de las horas de clase, durante los fines de semana y en las vacaciones.<\/p>\n<p>Los chicos no est\u00e1n superprotegidos en el Club Juvenil. Al contrario, en \u00e9l encuentran un ambiente abierto, donde la convivencia con muchos y variados amigos adquiere su valor. Como centro educativo, cuenta con unos objetivos precisos, desarrolla un proyecto formativo y se sirve de unos medios para llevarlos a cabo; dispone adem\u00e1s de una normativa acerca del trato y la seguridad de los socios y las familias. Siempre, claro est\u00e1, con la colaboraci\u00f3n y supervisi\u00f3n de los padres, aut\u00e9nticos protagonistas en la tarea educativa y tambi\u00e9n en la labor del Club.<\/p>\n\t\t\t\t<\/div>\n\t\t\t<\/div>\n\t\t<\/div>\n\t\t\t<div class=\"sow-accordion-panel\n\t\t\t\t\t\"\n\t\t\t\tdata-anchor-id=\"nuestra-propuesta\">\n\t\t\t\t\t<div class=\"sow-accordion-panel-header-container\" role=\"heading\" aria-level=\"2\">\n\t\t\t\t\t<div class=\"sow-accordion-panel-header\" tabindex=\"0\" role=\"button\" id=\"accordion-label-nuestra-propuesta\" aria-controls=\"accordion-content-nuestra-propuesta\" aria-expanded=\"false\">\n\t\t\t\t\t\t<div class=\"sow-accordion-title sow-accordion-title-icon-left\">\n\t\t\t\t\t\t\t\t\t\t\t\t\t\tNUESTRA PROPUESTA\t\t\t\t\t\t\t\t\t\t\t\t\t<\/div>\n\t\t\t\t\t\t<div class=\"sow-accordion-open-close-button\">\n\t\t\t\t\t\t\t<div class=\"sow-accordion-open-button\">\n\t\t\t\t\t\t\t\t<span class=\"sow-icon-ionicons\" data-sow-icon=\"&#xf218;\"\n\t\t \n\t\taria-hidden=\"true\"><\/span>\t\t\t\t\t\t\t<\/div>\n\t\t\t\t\t\t\t<div class=\"sow-accordion-close-button\">\n\t\t\t\t\t\t\t\t<span class=\"sow-icon-ionicons\" data-sow-icon=\"&#xf209;\"\n\t\t \n\t\taria-hidden=\"true\"><\/span>\t\t\t\t\t\t\t<\/div>\n\t\t\t\t\t\t<\/div>\n\t\t\t\t\t<\/div>\n\t\t\t\t<\/div>\n\n\t\t\t<div\n\t\t\t\tclass=\"sow-accordion-panel-content\"\n\t\t\t\trole=\"region\"\n\t\t\t\taria-labelledby=\"accordion-label-nuestra-propuesta\"\n\t\t\t\tid=\"accordion-content-nuestra-propuesta\"\n\t\t\t\tstyle=\"display: none;\"\t\t\t>\n\t\t\t\t<div class=\"sow-accordion-panel-border\">\n\t\t\t\t\t<p>Dentro de las m\u00faltiples posibilidades del tiempo libre juvenil, los principios formativos del Club Juvenil Viar se centran en el desarrollo integral de la persona, dentro de un concepto cristiano del hombre. No se trata de imponer unas pr\u00e1cticas religiosas proque precisamente ese concepto cristiano sit\u00faa en lugar preferente la libertad: cada socio desarrolla sus propias capacidades y aptitudes, con la ayuda necesaria para que se prepare a ser mejor persona y a servir solidaria y eficazmente a la sociedad.<\/p>\n<p>Cada chico es una persona irrepetible, protagonista de su propia historia. En el Club ese protagonismo se fomenta activamente para que sea \u00e9l quien decida con libertad y responsabilidad a qu\u00e9 metas va a ir dirigiendo sus mejores esfuerzos, de acuerdo con el grado de madurez correspondiente a su edad.<\/p>\n<p>Nunca plantea el Club juvenil acciones partidistas; entiende el pluralismo como uno de sus valores, sin dejar por ello de estimular en los chicos una sana inquietud por contribuir a solucionar los problemas de su entorno social, pero sin respuestas predefinidas. Existe un clima que facilita expresar con confianza las propias ideas, respetar y comprender las de los dem\u00e1s, y se reconoce siempre el esfuerzo por pensar, dar razones y explicar el porqu\u00e9 de las cosas.<\/p>\n\t\t\t\t<\/div>\n\t\t\t<\/div>\n\t\t<\/div>\n\t\t<\/div>\n<\/div>\n<\/div><\/div><\/div><div id=\"pgc-10-1-1\"  class=\"panel-grid-cell\" ><div id=\"panel-10-1-1-0\" class=\"so-panel widget widget_sow-accordion panel-first-child panel-last-child\" data-index=\"4\" ><div\n\t\t\t\n\t\t\tclass=\"so-widget-sow-accordion so-widget-sow-accordion-default-b8379082f89d-10\"\n\t\t\t\n\t\t><div>\n\t<div class=\"sow-accordion\">\n\t\t\t<div class=\"sow-accordion-panel\n\t\t\t\t\t\"\n\t\t\t\tdata-anchor-id=\"los-objetivos\">\n\t\t\t\t\t<div class=\"sow-accordion-panel-header-container\" role=\"heading\" aria-level=\"2\">\n\t\t\t\t\t<div class=\"sow-accordion-panel-header\" tabindex=\"0\" role=\"button\" id=\"accordion-label-los-objetivos\" aria-controls=\"accordion-content-los-objetivos\" aria-expanded=\"false\">\n\t\t\t\t\t\t<div class=\"sow-accordion-title sow-accordion-title-icon-left\">\n\t\t\t\t\t\t\t\t\t\t\t\t\t\tLOS OBJETIVOS\t\t\t\t\t\t\t\t\t\t\t\t\t<\/div>\n\t\t\t\t\t\t<div class=\"sow-accordion-open-close-button\">\n\t\t\t\t\t\t\t<div class=\"sow-accordion-open-button\">\n\t\t\t\t\t\t\t\t<span class=\"sow-icon-ionicons\" data-sow-icon=\"&#xf218;\"\n\t\t \n\t\taria-hidden=\"true\"><\/span>\t\t\t\t\t\t\t<\/div>\n\t\t\t\t\t\t\t<div class=\"sow-accordion-close-button\">\n\t\t\t\t\t\t\t\t<span class=\"sow-icon-ionicons\" data-sow-icon=\"&#xf209;\"\n\t\t \n\t\taria-hidden=\"true\"><\/span>\t\t\t\t\t\t\t<\/div>\n\t\t\t\t\t\t<\/div>\n\t\t\t\t\t<\/div>\n\t\t\t\t<\/div>\n\n\t\t\t<div\n\t\t\t\tclass=\"sow-accordion-panel-content\"\n\t\t\t\trole=\"region\"\n\t\t\t\taria-labelledby=\"accordion-label-los-objetivos\"\n\t\t\t\tid=\"accordion-content-los-objetivos\"\n\t\t\t\tstyle=\"display: none;\"\t\t\t>\n\t\t\t\t<div class=\"sow-accordion-panel-border\">\n\t\t\t\t\t<div class=\"content-area\" id=\"primary\">\n<div class=\"site-content\" id=\"content\" role=\"main\">\n<article class=\"post-22 page type-page status-publish post\" id=\"post-22\">\n<div class=\"entry-main\">\n<div class=\"entry-content\">\n<p>La propuesta educativa planteada pasa por conseguir de los chicos:<\/p>\n<p>1.- Se conozcan a s\u00ed mismos, tratando de desarrollar sus aptitudes con deportividad y af\u00e1n de superaci\u00f3n.<\/p>\n<p>2.- Sean capaces de integrar todos los aspectos de su vida (la felicidad, el amor, la amistad, el dolor, la familia, la sociedad, la trascendencia y tantos otros) para construir una personalidad plena.<\/p>\n<p>3.- Adquieran una facilidad para el esfuerzo personal a trav\u00e9s de un h\u00e1bito de trabajo serio.<\/p>\n<p>4.- Se impliquen en su vida familiar, contribuyendo a un ambiente de cari\u00f1o, servicio a los dem\u00e1s y optimismo.<\/p>\n<p>5.- Sean capaces de apreciar la belleza en la naturaleza, el arte y la cultura, as\u00ed como de interesarse activamente por su entorno natural y social con un esp\u00edritu solidario.<\/p>\n<p>6.- Aprendan a trabajar en equipo, siendo generosos, leales y tolerantes con los dem\u00e1s.<\/p>\n<p>7.- Se muestren preparados para dar respuesta libre a las exigencias de su fe y sus dem\u00e1s convicciones personales.<\/p>\n<\/div>\n<\/div>\n<\/article>\n<\/div>\n<\/div>\n\t\t\t\t<\/div>\n\t\t\t<\/div>\n\t\t<\/div>\n\t\t\t<div class=\"sow-accordion-panel\n\t\t\t\t\t\"\n\t\t\t\tdata-anchor-id=\"viar-y-el-opus-dei\">\n\t\t\t\t\t<div class=\"sow-accordion-panel-header-container\" role=\"heading\" aria-level=\"2\">\n\t\t\t\t\t<div class=\"sow-accordion-panel-header\" tabindex=\"0\" role=\"button\" id=\"accordion-label-viar-y-el-opus-dei\" aria-controls=\"accordion-content-viar-y-el-opus-dei\" aria-expanded=\"false\">\n\t\t\t\t\t\t<div class=\"sow-accordion-title sow-accordion-title-icon-left\">\n\t\t\t\t\t\t\t\t\t\t\t\t\t\tVIAR Y EL OPUS DEI\t\t\t\t\t\t\t\t\t\t\t\t\t<\/div>\n\t\t\t\t\t\t<div class=\"sow-accordion-open-close-button\">\n\t\t\t\t\t\t\t<div class=\"sow-accordion-open-button\">\n\t\t\t\t\t\t\t\t<span class=\"sow-icon-ionicons\" data-sow-icon=\"&#xf218;\"\n\t\t \n\t\taria-hidden=\"true\"><\/span>\t\t\t\t\t\t\t<\/div>\n\t\t\t\t\t\t\t<div class=\"sow-accordion-close-button\">\n\t\t\t\t\t\t\t\t<span class=\"sow-icon-ionicons\" data-sow-icon=\"&#xf209;\"\n\t\t \n\t\taria-hidden=\"true\"><\/span>\t\t\t\t\t\t\t<\/div>\n\t\t\t\t\t\t<\/div>\n\t\t\t\t\t<\/div>\n\t\t\t\t<\/div>\n\n\t\t\t<div\n\t\t\t\tclass=\"sow-accordion-panel-content\"\n\t\t\t\trole=\"region\"\n\t\t\t\taria-labelledby=\"accordion-label-viar-y-el-opus-dei\"\n\t\t\t\tid=\"accordion-content-viar-y-el-opus-dei\"\n\t\t\t\tstyle=\"display: none;\"\t\t\t>\n\t\t\t\t<div class=\"sow-accordion-panel-border\">\n\t\t\t\t\t<p>El Club Juvenil Viar est\u00e1 inspirado por principios cristianos. Concretamente, la Junta Directiva -integrada por un grupo de padres del Club- conf\u00eda la responsabilidad de la actividad formativa a la Prelatura del Opus Dei, instituci\u00f3n de la Iglesia Cat\u00f3lica que fund\u00f3 San Josemar\u00eda Escriv\u00e1 de Balaguer.<\/p>\n<p>La finalidad del Opus Dei es la formaci\u00f3n cristiana de personas de toda edad y condici\u00f3n, con insistencia en el valor trascendente del trabajo bien realizado y de todos los \u00e1mbitos de la vida corriente. Tiene adem\u00e1s una larga experiencia en labor formativa con la juventud. Su influencia en el Club se manifiesta en multitud de detalles grandes y peque\u00f1os: la seriedad y exigencia en el estudio personal, el af\u00e1n de convivir en libertad, el aprendizaje de la solidaridad y el servicio a los otros, el orden, el optimismo, etc. que impregnan todas las actividades; pero no se implica en los aspectos organizativos o de gesti\u00f3n.<\/p>\n\t\t\t\t<\/div>\n\t\t\t<\/div>\n\t\t<\/div>\n\t\t<\/div>\n<\/div>\n<\/div><\/div><\/div><\/div><\/div><\/div>","protected":false},"excerpt":{"rendered":"<p>El Club Juvenil Viar est\u00e1 promovido por padres de familia ilusionados por sacar el m\u00e1ximo rendimiento al tiempo libre de sus hijos. El ocio es uno de los principales y [&hellip;]<\/p>\n","protected":false},"author":1,"featured_media":0,"parent":0,"menu_order":1,"comment_status":"closed","ping_status":"closed","template":"templates\/template-full-notitle.php","meta":{"ngg_post_thumbnail":0,"footnotes":""},"class_list":["post-10","page","type-page","status-publish","hentry","post"],"yoast_head":"<!-- This site is optimized with the Yoast SEO plugin v27.3 - https:\/\/yoast.com\/product\/yoast-seo-wordpress\/ -->\n<title>\u00bfQu\u00e9 es el Club Juvenil VIAR? | Club Familiar VIAR<\/title>\n<meta name=\"description\" content=\"El Club Juvenil Viar est\u00e1 promovido por padres de familia ilusionados por sacar el m\u00e1ximo rendimiento al tiempo libre de sus hijos. El ocio es uno de los\" \/>\n<meta name=\"robots\" content=\"index, follow, max-snippet:-1, max-image-preview:large, max-video-preview:-1\" \/>\n<link rel=\"canonical\" href=\"https:\/\/viarnet.org\/index.php\/que-es-el-club-juvenil-viar\/\" \/>\n<meta property=\"og:locale\" content=\"es_ES\" \/>\n<meta property=\"og:type\" content=\"article\" \/>\n<meta property=\"og:title\" content=\"\u00bfQu\u00e9 es el Club Juvenil VIAR? | Club Familiar VIAR\" \/>\n<meta property=\"og:description\" content=\"El Club Juvenil Viar est\u00e1 promovido por padres de familia ilusionados por sacar el m\u00e1ximo rendimiento al tiempo libre de sus hijos. El ocio es uno de los\" \/>\n<meta property=\"og:url\" content=\"https:\/\/viarnet.org\/index.php\/que-es-el-club-juvenil-viar\/\" \/>\n<meta property=\"og:site_name\" content=\"VIAR\" \/>\n<meta property=\"article:modified_time\" content=\"2024-08-12T15:13:10+00:00\" \/>\n<meta name=\"twitter:card\" content=\"summary_large_image\" \/>\n<meta name=\"twitter:label1\" content=\"Tiempo de lectura\" \/>\n\t<meta name=\"twitter:data1\" content=\"2 minutos\" \/>\n<script type=\"application\/ld+json\" class=\"yoast-schema-graph\">{\"@context\":\"https:\\\/\\\/schema.org\",\"@graph\":[{\"@type\":\"WebPage\",\"@id\":\"https:\\\/\\\/viarnet.org\\\/index.php\\\/que-es-el-club-juvenil-viar\\\/\",\"url\":\"https:\\\/\\\/viarnet.org\\\/index.php\\\/que-es-el-club-juvenil-viar\\\/\",\"name\":\"\u00bfQu\u00e9 es el Club Juvenil VIAR? | Club Familiar VIAR\",\"isPartOf\":{\"@id\":\"https:\\\/\\\/viarnet.org\\\/#website\"},\"datePublished\":\"2018-11-04T21:24:07+00:00\",\"dateModified\":\"2024-08-12T15:13:10+00:00\",\"description\":\"El Club Juvenil Viar est\u00e1 promovido por padres de familia ilusionados por sacar el m\u00e1ximo rendimiento al tiempo libre de sus hijos. El ocio es uno de los\",\"breadcrumb\":{\"@id\":\"https:\\\/\\\/viarnet.org\\\/index.php\\\/que-es-el-club-juvenil-viar\\\/#breadcrumb\"},\"inLanguage\":\"es\",\"potentialAction\":[{\"@type\":\"ReadAction\",\"target\":[\"https:\\\/\\\/viarnet.org\\\/index.php\\\/que-es-el-club-juvenil-viar\\\/\"]}]},{\"@type\":\"BreadcrumbList\",\"@id\":\"https:\\\/\\\/viarnet.org\\\/index.php\\\/que-es-el-club-juvenil-viar\\\/#breadcrumb\",\"itemListElement\":[{\"@type\":\"ListItem\",\"position\":1,\"name\":\"Portada\",\"item\":\"https:\\\/\\\/viarnet.org\\\/\"},{\"@type\":\"ListItem\",\"position\":2,\"name\":\"\u00bfQu\u00e9 es el Club Juvenil VIAR?\"}]},{\"@type\":\"WebSite\",\"@id\":\"https:\\\/\\\/viarnet.org\\\/#website\",\"url\":\"https:\\\/\\\/viarnet.org\\\/\",\"name\":\"VIAR\",\"description\":\"Un centro educativo de car\u00e1cter extraescolar que atuda a las familias en la formaci\u00f3n de sus hijos\",\"publisher\":{\"@id\":\"https:\\\/\\\/viarnet.org\\\/#organization\"},\"potentialAction\":[{\"@type\":\"SearchAction\",\"target\":{\"@type\":\"EntryPoint\",\"urlTemplate\":\"https:\\\/\\\/viarnet.org\\\/?s={search_term_string}\"},\"query-input\":{\"@type\":\"PropertyValueSpecification\",\"valueRequired\":true,\"valueName\":\"search_term_string\"}}],\"inLanguage\":\"es\"},{\"@type\":\"Organization\",\"@id\":\"https:\\\/\\\/viarnet.org\\\/#organization\",\"name\":\"VIAR\",\"url\":\"https:\\\/\\\/viarnet.org\\\/\",\"logo\":{\"@type\":\"ImageObject\",\"inLanguage\":\"es\",\"@id\":\"https:\\\/\\\/viarnet.org\\\/#\\\/schema\\\/logo\\\/image\\\/\",\"url\":\"https:\\\/\\\/viarnet.org\\\/wp-content\\\/uploads\\\/2023\\\/09\\\/LOGO-VIAR-2024.png\",\"contentUrl\":\"https:\\\/\\\/viarnet.org\\\/wp-content\\\/uploads\\\/2023\\\/09\\\/LOGO-VIAR-2024.png\",\"width\":1976,\"height\":1976,\"caption\":\"VIAR\"},\"image\":{\"@id\":\"https:\\\/\\\/viarnet.org\\\/#\\\/schema\\\/logo\\\/image\\\/\"}}]}<\/script>\n<!-- \/ Yoast SEO plugin. -->","yoast_head_json":{"title":"\u00bfQu\u00e9 es el Club Juvenil VIAR? | Club Familiar VIAR","description":"El Club Juvenil Viar est\u00e1 promovido por padres de familia ilusionados por sacar el m\u00e1ximo rendimiento al tiempo libre de sus hijos. El ocio es uno de los","robots":{"index":"index","follow":"follow","max-snippet":"max-snippet:-1","max-image-preview":"max-image-preview:large","max-video-preview":"max-video-preview:-1"},"canonical":"https:\/\/viarnet.org\/index.php\/que-es-el-club-juvenil-viar\/","og_locale":"es_ES","og_type":"article","og_title":"\u00bfQu\u00e9 es el Club Juvenil VIAR? | Club Familiar VIAR","og_description":"El Club Juvenil Viar est\u00e1 promovido por padres de familia ilusionados por sacar el m\u00e1ximo rendimiento al tiempo libre de sus hijos. El ocio es uno de los","og_url":"https:\/\/viarnet.org\/index.php\/que-es-el-club-juvenil-viar\/","og_site_name":"VIAR","article_modified_time":"2024-08-12T15:13:10+00:00","twitter_card":"summary_large_image","twitter_misc":{"Tiempo de lectura":"2 minutos"},"schema":{"@context":"https:\/\/schema.org","@graph":[{"@type":"WebPage","@id":"https:\/\/viarnet.org\/index.php\/que-es-el-club-juvenil-viar\/","url":"https:\/\/viarnet.org\/index.php\/que-es-el-club-juvenil-viar\/","name":"\u00bfQu\u00e9 es el Club Juvenil VIAR? | Club Familiar VIAR","isPartOf":{"@id":"https:\/\/viarnet.org\/#website"},"datePublished":"2018-11-04T21:24:07+00:00","dateModified":"2024-08-12T15:13:10+00:00","description":"El Club Juvenil Viar est\u00e1 promovido por padres de familia ilusionados por sacar el m\u00e1ximo rendimiento al tiempo libre de sus hijos. El ocio es uno de los","breadcrumb":{"@id":"https:\/\/viarnet.org\/index.php\/que-es-el-club-juvenil-viar\/#breadcrumb"},"inLanguage":"es","potentialAction":[{"@type":"ReadAction","target":["https:\/\/viarnet.org\/index.php\/que-es-el-club-juvenil-viar\/"]}]},{"@type":"BreadcrumbList","@id":"https:\/\/viarnet.org\/index.php\/que-es-el-club-juvenil-viar\/#breadcrumb","itemListElement":[{"@type":"ListItem","position":1,"name":"Portada","item":"https:\/\/viarnet.org\/"},{"@type":"ListItem","position":2,"name":"\u00bfQu\u00e9 es el Club Juvenil VIAR?"}]},{"@type":"WebSite","@id":"https:\/\/viarnet.org\/#website","url":"https:\/\/viarnet.org\/","name":"VIAR","description":"Un centro educativo de car\u00e1cter extraescolar que atuda a las familias en la formaci\u00f3n de sus hijos","publisher":{"@id":"https:\/\/viarnet.org\/#organization"},"potentialAction":[{"@type":"SearchAction","target":{"@type":"EntryPoint","urlTemplate":"https:\/\/viarnet.org\/?s={search_term_string}"},"query-input":{"@type":"PropertyValueSpecification","valueRequired":true,"valueName":"search_term_string"}}],"inLanguage":"es"},{"@type":"Organization","@id":"https:\/\/viarnet.org\/#organization","name":"VIAR","url":"https:\/\/viarnet.org\/","logo":{"@type":"ImageObject","inLanguage":"es","@id":"https:\/\/viarnet.org\/#\/schema\/logo\/image\/","url":"https:\/\/viarnet.org\/wp-content\/uploads\/2023\/09\/LOGO-VIAR-2024.png","contentUrl":"https:\/\/viarnet.org\/wp-content\/uploads\/2023\/09\/LOGO-VIAR-2024.png","width":1976,"height":1976,"caption":"VIAR"},"image":{"@id":"https:\/\/viarnet.org\/#\/schema\/logo\/image\/"}}]}},"_links":{"self":[{"href":"https:\/\/viarnet.org\/index.php\/wp-json\/wp\/v2\/pages\/10","targetHints":{"allow":["GET"]}}],"collection":[{"href":"https:\/\/viarnet.org\/index.php\/wp-json\/wp\/v2\/pages"}],"about":[{"href":"https:\/\/viarnet.org\/index.php\/wp-json\/wp\/v2\/types\/page"}],"author":[{"embeddable":true,"href":"https:\/\/viarnet.org\/index.php\/wp-json\/wp\/v2\/users\/1"}],"replies":[{"embeddable":true,"href":"https:\/\/viarnet.org\/index.php\/wp-json\/wp\/v2\/comments?post=10"}],"version-history":[{"count":0,"href":"https:\/\/viarnet.org\/index.php\/wp-json\/wp\/v2\/pages\/10\/revisions"}],"wp:attachment":[{"href":"https:\/\/viarnet.org\/index.php\/wp-json\/wp\/v2\/media?parent=10"}],"curies":[{"name":"wp","href":"https:\/\/api.w.org\/{rel}","templated":true}]}}